{"id":2,"date":"2022-09-01T16:14:38","date_gmt":"2022-09-01T16:14:38","guid":{"rendered":"http:\/\/matinikpouchrist.fr\/?page_id=2"},"modified":"2025-09-17T21:49:25","modified_gmt":"2025-09-17T21:49:25","slug":"sample-page","status":"publish","type":"page","link":"https:\/\/matinikpouchrist.fr\/index.php\/sample-page\/","title":{"rendered":"Jesus-Christ"},"content":{"rendered":"\n<p>J\u00e9sus-Christ est Dieu, il est le sauveur, il est le seul sauveur!<\/p>\n\n\n\n<blockquote class=\"wp-block-quote is-layout-flow wp-block-quote-is-layout-flow\">\n<p>Venez a lui, vous tous qui \u00eates fatigues, d\u00e9gout\u00e9s, \u00e9puis\u00e9s, d\u00e9courag\u00e9s, malades, tourment\u00e9s ou d\u00e9monis\u00e9s<\/p>\n<\/blockquote>\n\n\n\n<p>&#8230;Trouves des Chr\u00e9tiens authentiques, remplis du Saint Esprit qui auront \u00e0 coeur de prier pour toi, pour ta gu\u00e9rison, ta d\u00e9livrance, ton salut, ton bapt\u00eame du Saint Esprit :<\/p>\n\n\n\n<blockquote class=\"wp-block-quote is-layout-flow wp-block-quote-is-layout-flow\">\n<p>J\u00e9sus-Christ gu\u00e9rit,<br>J\u00e9sus-Christ d\u00e9livre de n\u2019importe quel demon,<br>J\u00e9sus-Christ baptise du Saint Esprit,<br>J\u00e9sus-Christ est le sauveur!<\/p>\n<\/blockquote>\n\n\n\n<p>Tu as le choix, voici le chemin qui m\u00e8ne a la vie, voici le chemin qui m\u00e8ne a la mort, CHOISIS LA VIE!<\/p>\n","protected":false},"excerpt":{"rendered":"<p>J\u00e9sus-Christ est Dieu, il est le sauveur, il est le seul sauveur! Venez a lui, vous tous qui \u00eates fatigues, d\u00e9gout\u00e9s, \u00e9puis\u00e9s, d\u00e9courag\u00e9s, malades, tourment\u00e9s ou d\u00e9monis\u00e9s &#8230;Trouves des Chr\u00e9tiens authentiques, remplis du Saint Esprit qui auront \u00e0 coeur de prier pour toi, pour ta gu\u00e9rison, ta d\u00e9livrance, ton salut, ton bapt\u00eame du Saint Esprit [&hellip;]<\/p>\n","protected":false},"author":1,"featured_media":34,"parent":0,"menu_order":0,"comment_status":"closed","ping_status":"open","template":"","meta":{"om_disable_all_campaigns":false,"_monsterinsights_skip_tracking":false,"_monsterinsights_sitenote_active":false,"_monsterinsights_sitenote_note":"","_monsterinsights_sitenote_category":0,"footnotes":""},"class_list":["post-2","page","type-page","status-publish","has-post-thumbnail","hentry"],"aioseo_notices":[],"_links":{"self":[{"href":"https:\/\/matinikpouchrist.fr\/index.php\/wp-json\/wp\/v2\/pages\/2","targetHints":{"allow":["GET"]}}],"collection":[{"href":"https:\/\/matinikpouchrist.fr\/index.php\/wp-json\/wp\/v2\/pages"}],"about":[{"href":"https:\/\/matinikpouchrist.fr\/index.php\/wp-json\/wp\/v2\/types\/page"}],"author":[{"embeddable":true,"href":"https:\/\/matinikpouchrist.fr\/index.php\/wp-json\/wp\/v2\/users\/1"}],"replies":[{"embeddable":true,"href":"https:\/\/matinikpouchrist.fr\/index.php\/wp-json\/wp\/v2\/comments?post=2"}],"version-history":[{"count":1,"href":"https:\/\/matinikpouchrist.fr\/index.php\/wp-json\/wp\/v2\/pages\/2\/revisions"}],"predecessor-version":[{"id":93,"href":"https:\/\/matinikpouchrist.fr\/index.php\/wp-json\/wp\/v2\/pages\/2\/revisions\/93"}],"wp:featuredmedia":[{"embeddable":true,"href":"https:\/\/matinikpouchrist.fr\/index.php\/wp-json\/wp\/v2\/media\/34"}],"wp:attachment":[{"href":"https:\/\/matinikpouchrist.fr\/index.php\/wp-json\/wp\/v2\/media?parent=2"}],"curies":[{"name":"wp","href":"https:\/\/api.w.org\/{rel}","templated":true}]}}